{"id":1067,"date":"2024-03-15T21:20:15","date_gmt":"2024-03-15T18:20:15","guid":{"rendered":"https:\/\/thebaaccesorios.net\/?post_type=product&#038;p=1067"},"modified":"2025-05-01T01:41:23","modified_gmt":"2025-04-30T22:41:23","slug":"cadena-de-hacha-vikinga","status":"publish","type":"product","link":"https:\/\/thebaaccesorios.net\/?product=cadena-de-hacha-vikinga","title":{"rendered":"Cadena de hacha vikinga"},"content":{"rendered":"<p>Cadena estilo vikingo acero quirurgico con dije excelente calidad.<\/p>\n<p>LARGO DE LA CADENA: 60 cm<br \/>\nPESO: 14 Gramos<br \/>\nMEDIDAS HACHA:<br \/>\nAltura: 48 mm<br \/>\nAncho: 28 mm<\/p>\n<p>SIGNIFICADO DEL HACHA:<br \/>\nEl elemento central de este collar es el hacha vikinga, que no solo es un s\u00edmbolo de coraje y esp\u00edritu de lucha, sino que tambi\u00e9n tiene un dise\u00f1o detallado y llamativo. La cadena de acero eslabonada a\u00f1ade un toque moderno y masculino a tu look.<\/p>\n<p>&nbsp;<\/p>\n<p>&nbsp;<\/p>\n<p>&nbsp;<\/p>\n","protected":false},"excerpt":{"rendered":"<p>Cadena estilo vikingo acero quirurgico con dije excelente calidad. LARGO DE LA CADENA: 60 cm PESO: 14 Gramos MEDIDAS HACHA: Altura: 48 mm Ancho: 28 mm SIGNIFICADO DEL HACHA: El elemento central de este collar es el hacha vikinga, que no solo es un s\u00edmbolo de coraje y esp\u00edritu de lucha, sino que tambi\u00e9n tiene &#8230; <a title=\"Cadena de hacha vikinga\" class=\"read-more\" href=\"https:\/\/thebaaccesorios.net\/?product=cadena-de-hacha-vikinga\" aria-label=\"M\u00e1s en Cadena de hacha vikinga\">Leer m\u00e1s<\/a><\/p>\n","protected":false},"featured_media":1073,"template":"","meta":[],"product_brand":[],"product_cat":[27],"product_tag":[],"class_list":{"0":"post-1067","1":"product","2":"type-product","3":"status-publish","4":"has-post-thumbnail","6":"product_cat-colgantes","7":"sales-flash-overlay","8":"woocommerce-text-align-center","9":"woocommerce-image-align-center","10":"do-quantity-buttons","12":"first","13":"instock","14":"shipping-taxable","15":"purchasable","16":"product-type-simple"},"jetpack_sharing_enabled":true,"_links":{"self":[{"href":"https:\/\/thebaaccesorios.net\/index.php?rest_route=\/wp\/v2\/product\/1067","targetHints":{"allow":["GET"]}}],"collection":[{"href":"https:\/\/thebaaccesorios.net\/index.php?rest_route=\/wp\/v2\/product"}],"about":[{"href":"https:\/\/thebaaccesorios.net\/index.php?rest_route=\/wp\/v2\/types\/product"}],"wp:featuredmedia":[{"embeddable":true,"href":"https:\/\/thebaaccesorios.net\/index.php?rest_route=\/wp\/v2\/media\/1073"}],"wp:attachment":[{"href":"https:\/\/thebaaccesorios.net\/index.php?rest_route=%2Fwp%2Fv2%2Fmedia&parent=1067"}],"wp:term":[{"taxonomy":"product_brand","embeddable":true,"href":"https:\/\/thebaaccesorios.net\/index.php?rest_route=%2Fwp%2Fv2%2Fproduct_brand&post=1067"},{"taxonomy":"product_cat","embeddable":true,"href":"https:\/\/thebaaccesorios.net\/index.php?rest_route=%2Fwp%2Fv2%2Fproduct_cat&post=1067"},{"taxonomy":"product_tag","embeddable":true,"href":"https:\/\/thebaaccesorios.net\/index.php?rest_route=%2Fwp%2Fv2%2Fproduct_tag&post=1067"}],"curies":[{"name":"wp","href":"https:\/\/api.w.org\/{rel}","templated":true}]}}