{"id":1243,"date":"2024-06-26T22:19:42","date_gmt":"2024-06-26T19:19:42","guid":{"rendered":"https:\/\/thebaaccesorios.net\/?post_type=product&#038;p=1243"},"modified":"2025-07-10T07:40:57","modified_gmt":"2025-07-10T04:40:57","slug":"billetera-tarjetero-hombre-cuero-genuino-tilonstar-tvc-203-2","status":"publish","type":"product","link":"https:\/\/thebaaccesorios.net\/?product=billetera-tarjetero-hombre-cuero-genuino-tilonstar-tvc-203-2","title":{"rendered":"Billetera tarjetero hombre cuero genuino Tilonstar tvc 203"},"content":{"rendered":"<p>Billetera tarjetero color negro<\/p>\n<p>MATERIAL: Aluminio y cuero genuino<br \/>\nCAPACIDAD: 5 tarjetas en el tarjetero, ventana transparente para<br \/>\ndocumento, compartimiento para 2 tarjetas y monedero con cierre.<br \/>\nCapacidad de 4-6 billetes.<br \/>\nCierre magn\u00e9tico<br \/>\nPESO: 120 g<br \/>\nMEDIDAS: 10 cm x 7.5 cm x 2 cm<br \/>\nTecnolog\u00eda de bloqueo RFID (evita clonac\u00edon tarjetas)<br \/>\nIncluye caja de presentaci\u00f3n<br \/>\nTama\u00f1o c\u00f3modo y pr\u00e1ctico.<\/p>\n","protected":false},"excerpt":{"rendered":"<p>Billetera tarjetero color negro MATERIAL: Aluminio y cuero genuino CAPACIDAD: 5 tarjetas en el tarjetero, ventana transparente para documento, compartimiento para 2 tarjetas y monedero con cierre. Capacidad de 4-6 billetes. Cierre magn\u00e9tico PESO: 120 g MEDIDAS: 10 cm x 7.5 cm x 2 cm Tecnolog\u00eda de bloqueo RFID (evita clonac\u00edon tarjetas) Incluye caja de &#8230; <a title=\"Billetera tarjetero hombre cuero genuino Tilonstar tvc 203\" class=\"read-more\" href=\"https:\/\/thebaaccesorios.net\/?product=billetera-tarjetero-hombre-cuero-genuino-tilonstar-tvc-203-2\" aria-label=\"M\u00e1s en Billetera tarjetero hombre cuero genuino Tilonstar tvc 203\">Leer m\u00e1s<\/a><\/p>\n","protected":false},"featured_media":1232,"template":"","meta":[],"product_brand":[],"product_cat":[21],"product_tag":[],"class_list":{"0":"post-1243","1":"product","2":"type-product","3":"status-publish","4":"has-post-thumbnail","6":"product_cat-billeteras","7":"sales-flash-overlay","8":"woocommerce-text-align-center","9":"woocommerce-image-align-center","10":"do-quantity-buttons","12":"first","13":"instock","14":"shipping-taxable","15":"purchasable","16":"product-type-simple"},"jetpack_sharing_enabled":true,"_links":{"self":[{"href":"https:\/\/thebaaccesorios.net\/index.php?rest_route=\/wp\/v2\/product\/1243","targetHints":{"allow":["GET"]}}],"collection":[{"href":"https:\/\/thebaaccesorios.net\/index.php?rest_route=\/wp\/v2\/product"}],"about":[{"href":"https:\/\/thebaaccesorios.net\/index.php?rest_route=\/wp\/v2\/types\/product"}],"wp:featuredmedia":[{"embeddable":true,"href":"https:\/\/thebaaccesorios.net\/index.php?rest_route=\/wp\/v2\/media\/1232"}],"wp:attachment":[{"href":"https:\/\/thebaaccesorios.net\/index.php?rest_route=%2Fwp%2Fv2%2Fmedia&parent=1243"}],"wp:term":[{"taxonomy":"product_brand","embeddable":true,"href":"https:\/\/thebaaccesorios.net\/index.php?rest_route=%2Fwp%2Fv2%2Fproduct_brand&post=1243"},{"taxonomy":"product_cat","embeddable":true,"href":"https:\/\/thebaaccesorios.net\/index.php?rest_route=%2Fwp%2Fv2%2Fproduct_cat&post=1243"},{"taxonomy":"product_tag","embeddable":true,"href":"https:\/\/thebaaccesorios.net\/index.php?rest_route=%2Fwp%2Fv2%2Fproduct_tag&post=1243"}],"curies":[{"name":"wp","href":"https:\/\/api.w.org\/{rel}","templated":true}]}}