{"id":1307,"date":"2024-07-31T20:21:50","date_gmt":"2024-07-31T17:21:50","guid":{"rendered":"https:\/\/thebaaccesorios.net\/?post_type=product&#038;p=1307"},"modified":"2024-07-31T20:25:22","modified_gmt":"2024-07-31T17:25:22","slug":"collar-tribal-de-punta-de-lanza","status":"publish","type":"product","link":"https:\/\/thebaaccesorios.net\/?product=collar-tribal-de-punta-de-lanza","title":{"rendered":"Cadena tribal de punta de lanza"},"content":{"rendered":"<p>Cadena de acero inoxidable tribal de punta de lanza, s\u00edmbolo de coraje y la intrepidez.<\/p>\n<p>LARGO DE LA CADENA: 60 cm<br \/>\nMEDIDAS LANZA:<br \/>\nAltura: 45 mm<br \/>\nAncho: 15 mm<\/p>\n<p>La lanza ha sido venerada por los indios sudamericanos como un s\u00edmbolo terrestre intr\u00ednsecamente conectado con el esp\u00edritu de la caza. Encarna la seguridad, la determinaci\u00f3n\u00a0<strong>y es un emblema de coraje e intrepidez.<\/strong><\/p>\n<p>&nbsp;<\/p>\n","protected":false},"excerpt":{"rendered":"<p>Cadena de acero inoxidable tribal de punta de lanza, s\u00edmbolo de coraje y la intrepidez. LARGO DE LA CADENA: 60 cm MEDIDAS LANZA: Altura: 45 mm Ancho: 15 mm La lanza ha sido venerada por los indios sudamericanos como un s\u00edmbolo terrestre intr\u00ednsecamente conectado con el esp\u00edritu de la caza. Encarna la seguridad, la determinaci\u00f3n\u00a0y &#8230; <a title=\"Cadena tribal de punta de lanza\" class=\"read-more\" href=\"https:\/\/thebaaccesorios.net\/?product=collar-tribal-de-punta-de-lanza\" aria-label=\"M\u00e1s en Cadena tribal de punta de lanza\">Leer m\u00e1s<\/a><\/p>\n","protected":false},"featured_media":1308,"template":"","meta":[],"product_brand":[],"product_cat":[27],"product_tag":[],"class_list":{"0":"post-1307","1":"product","2":"type-product","3":"status-publish","4":"has-post-thumbnail","6":"product_cat-colgantes","7":"sales-flash-overlay","8":"woocommerce-text-align-center","9":"woocommerce-image-align-center","10":"do-quantity-buttons","12":"first","13":"instock","14":"shipping-taxable","15":"purchasable","16":"product-type-simple"},"jetpack_sharing_enabled":true,"_links":{"self":[{"href":"https:\/\/thebaaccesorios.net\/index.php?rest_route=\/wp\/v2\/product\/1307","targetHints":{"allow":["GET"]}}],"collection":[{"href":"https:\/\/thebaaccesorios.net\/index.php?rest_route=\/wp\/v2\/product"}],"about":[{"href":"https:\/\/thebaaccesorios.net\/index.php?rest_route=\/wp\/v2\/types\/product"}],"wp:featuredmedia":[{"embeddable":true,"href":"https:\/\/thebaaccesorios.net\/index.php?rest_route=\/wp\/v2\/media\/1308"}],"wp:attachment":[{"href":"https:\/\/thebaaccesorios.net\/index.php?rest_route=%2Fwp%2Fv2%2Fmedia&parent=1307"}],"wp:term":[{"taxonomy":"product_brand","embeddable":true,"href":"https:\/\/thebaaccesorios.net\/index.php?rest_route=%2Fwp%2Fv2%2Fproduct_brand&post=1307"},{"taxonomy":"product_cat","embeddable":true,"href":"https:\/\/thebaaccesorios.net\/index.php?rest_route=%2Fwp%2Fv2%2Fproduct_cat&post=1307"},{"taxonomy":"product_tag","embeddable":true,"href":"https:\/\/thebaaccesorios.net\/index.php?rest_route=%2Fwp%2Fv2%2Fproduct_tag&post=1307"}],"curies":[{"name":"wp","href":"https:\/\/api.w.org\/{rel}","templated":true}]}}