{"id":439,"date":"2023-11-06T12:33:00","date_gmt":"2023-11-06T12:33:00","guid":{"rendered":"https:\/\/thebaaccesorios.net\/?product=reloj-hombre-naviforce-9171"},"modified":"2026-03-24T13:27:58","modified_gmt":"2026-03-24T10:27:58","slug":"reloj-hombre-naviforce-9171","status":"publish","type":"product","link":"https:\/\/thebaaccesorios.net\/?product=reloj-hombre-naviforce-9171","title":{"rendered":"Reloj hombre NaviForce 9171"},"content":{"rendered":"<p>-MARCA: NaviForce<br \/>\n-MODELO: 9171<br \/>\n-TIPO: Moda, Lujo, Cuarzo, deporte<br \/>\n-TIPO DE MOVIMENTO: cuarzo anal\u00f3gico-digital<br \/>\n-RESISTENCIA AL AGUA: 3ATM (lavado manos , lluvia, salpicadura)<br \/>\n-LONGITUD DE BANDA: 240 mm<br \/>\n-DIAMETRO DIAL: 45 mm<br \/>\n-MATERIAL BANDA: Aleaci\u00f3n<br \/>\n-MATERIAL DEL CASO: Aleaci\u00f3n- calendario completo, cron\u00f3grafo, alarma, luz, agujas luminosas<br \/>\nINCLUYE ESTUCHE DE PRESENTACI\u00d3N<\/p>\n","protected":false},"excerpt":{"rendered":"<p>-MARCA: NaviForce -MODELO: 9171 -TIPO: Moda, Lujo, Cuarzo, deporte -TIPO DE MOVIMENTO: cuarzo anal\u00f3gico-digital -RESISTENCIA AL AGUA: 3ATM (lavado manos , lluvia, salpicadura) -LONGITUD DE BANDA: 240 mm -DIAMETRO DIAL: 45 mm -MATERIAL BANDA: Aleaci\u00f3n -MATERIAL DEL CASO: Aleaci\u00f3n- calendario completo, cron\u00f3grafo, alarma, luz, agujas luminosas INCLUYE ESTUCHE DE PRESENTACI\u00d3N<\/p>\n","protected":false},"featured_media":59,"template":"","meta":[],"product_brand":[],"product_cat":[18],"product_tag":[],"class_list":{"0":"post-439","1":"product","2":"type-product","3":"status-publish","4":"has-post-thumbnail","6":"product_cat-relojes-de-hombre","7":"sales-flash-overlay","8":"woocommerce-text-align-center","9":"woocommerce-image-align-center","10":"do-quantity-buttons","12":"first","13":"instock","14":"purchasable","15":"product-type-simple"},"jetpack_sharing_enabled":true,"_links":{"self":[{"href":"https:\/\/thebaaccesorios.net\/index.php?rest_route=\/wp\/v2\/product\/439","targetHints":{"allow":["GET"]}}],"collection":[{"href":"https:\/\/thebaaccesorios.net\/index.php?rest_route=\/wp\/v2\/product"}],"about":[{"href":"https:\/\/thebaaccesorios.net\/index.php?rest_route=\/wp\/v2\/types\/product"}],"wp:featuredmedia":[{"embeddable":true,"href":"https:\/\/thebaaccesorios.net\/index.php?rest_route=\/wp\/v2\/media\/59"}],"wp:attachment":[{"href":"https:\/\/thebaaccesorios.net\/index.php?rest_route=%2Fwp%2Fv2%2Fmedia&parent=439"}],"wp:term":[{"taxonomy":"product_brand","embeddable":true,"href":"https:\/\/thebaaccesorios.net\/index.php?rest_route=%2Fwp%2Fv2%2Fproduct_brand&post=439"},{"taxonomy":"product_cat","embeddable":true,"href":"https:\/\/thebaaccesorios.net\/index.php?rest_route=%2Fwp%2Fv2%2Fproduct_cat&post=439"},{"taxonomy":"product_tag","embeddable":true,"href":"https:\/\/thebaaccesorios.net\/index.php?rest_route=%2Fwp%2Fv2%2Fproduct_tag&post=439"}],"curies":[{"name":"wp","href":"https:\/\/api.w.org\/{rel}","templated":true}]}}