{"id":446,"date":"2023-11-06T12:33:00","date_gmt":"2023-11-06T12:33:00","guid":{"rendered":"https:\/\/thebaaccesorios.net\/?product=reloj-dama-curren-9083"},"modified":"2024-04-12T20:45:26","modified_gmt":"2024-04-12T17:45:26","slug":"reloj-dama-curren-9083","status":"publish","type":"product","link":"https:\/\/thebaaccesorios.net\/?product=reloj-dama-curren-9083","title":{"rendered":"Reloj dama Curren 9083"},"content":{"rendered":"<p>-MARCA: Curren<br \/>\n-MODELO:9083<br \/>\n-TIPO: Moda, Lujo.<br \/>\n-TIPO DE MOVIMENTO: Cuarzo (japon\u00e9s)<br \/>\n-RESISTENCIA AL AGUA: 3 ATM<br \/>\n-LONGITUD DE BANDA: 230 mm<br \/>\n-DI\u00c1METRO DEL CASO: 26 mm<br \/>\n-PESO: 21g<br \/>\n-MATERIAL BANDA: Cuero genuino<br \/>\n-MATERIAL DEL CASO: Aleaci\u00f3n<br \/>\n-INCLUYE CAJA DE PRESENTACI\u00d3N<\/p>\n","protected":false},"excerpt":{"rendered":"<p>-MARCA: Curren -MODELO:9083 -TIPO: Moda, Lujo. -TIPO DE MOVIMENTO: Cuarzo (japon\u00e9s) -RESISTENCIA AL AGUA: 3 ATM -LONGITUD DE BANDA: 230 mm -DI\u00c1METRO DEL CASO: 26 mm -PESO: 21g -MATERIAL BANDA: Cuero genuino -MATERIAL DEL CASO: Aleaci\u00f3n -INCLUYE CAJA DE PRESENTACI\u00d3N<\/p>\n","protected":false},"featured_media":1164,"template":"","meta":[],"product_brand":[],"product_cat":[20],"product_tag":[],"class_list":{"0":"post-446","1":"product","2":"type-product","3":"status-publish","4":"has-post-thumbnail","6":"product_cat-relojes-de-dama","7":"sales-flash-overlay","8":"woocommerce-text-align-center","9":"woocommerce-image-align-center","10":"do-quantity-buttons","12":"first","13":"instock","14":"purchasable","15":"product-type-simple"},"jetpack_sharing_enabled":true,"_links":{"self":[{"href":"https:\/\/thebaaccesorios.net\/index.php?rest_route=\/wp\/v2\/product\/446","targetHints":{"allow":["GET"]}}],"collection":[{"href":"https:\/\/thebaaccesorios.net\/index.php?rest_route=\/wp\/v2\/product"}],"about":[{"href":"https:\/\/thebaaccesorios.net\/index.php?rest_route=\/wp\/v2\/types\/product"}],"wp:featuredmedia":[{"embeddable":true,"href":"https:\/\/thebaaccesorios.net\/index.php?rest_route=\/wp\/v2\/media\/1164"}],"wp:attachment":[{"href":"https:\/\/thebaaccesorios.net\/index.php?rest_route=%2Fwp%2Fv2%2Fmedia&parent=446"}],"wp:term":[{"taxonomy":"product_brand","embeddable":true,"href":"https:\/\/thebaaccesorios.net\/index.php?rest_route=%2Fwp%2Fv2%2Fproduct_brand&post=446"},{"taxonomy":"product_cat","embeddable":true,"href":"https:\/\/thebaaccesorios.net\/index.php?rest_route=%2Fwp%2Fv2%2Fproduct_cat&post=446"},{"taxonomy":"product_tag","embeddable":true,"href":"https:\/\/thebaaccesorios.net\/index.php?rest_route=%2Fwp%2Fv2%2Fproduct_tag&post=446"}],"curies":[{"name":"wp","href":"https:\/\/api.w.org\/{rel}","templated":true}]}}