{"id":456,"date":"2023-11-06T12:33:03","date_gmt":"2023-11-06T12:33:03","guid":{"rendered":"https:\/\/thebaaccesorios.net\/?product=reloj-hombre-curren-8398-green"},"modified":"2023-11-07T20:04:58","modified_gmt":"2023-11-07T20:04:58","slug":"reloj-hombre-curren-8398-green","status":"publish","type":"product","link":"https:\/\/thebaaccesorios.net\/?product=reloj-hombre-curren-8398-green","title":{"rendered":"Reloj hombre Curren 8398 Green"},"content":{"rendered":"<p>&nbsp;<\/p>\n<p>CARACTERISTICAS:<\/p>\n<p>-MARCA: Curren<br \/>\n-MODELO:8398<br \/>\n-TIPO: Moda, Lujo.<br \/>\n-TIPO DE MOVIMENTO: MIYOTA (japon\u00e9s)<br \/>\n-RESISTENCIA AL AGUA: 3 ATM ( salpicaduras y lluvia)<br \/>\n-LONGITUD DE BANDA: 240 mm<br \/>\n-DI\u00c1METRO DEL CASO: 44 mm<br \/>\n-PESO: 95 g<br \/>\n-MATERIAL BANDA: Cuero sintetico y caucho<br \/>\n-MATERIAL DEL CASO: Aleaci\u00f3n<br \/>\n-Fecha autom\u00e1tica, cron\u00f3grafo, agujas e indicadores luminosos<\/p>\n<p>&nbsp;<\/p>\n","protected":false},"excerpt":{"rendered":"<p>&nbsp; CARACTERISTICAS: -MARCA: Curren -MODELO:8398 -TIPO: Moda, Lujo. -TIPO DE MOVIMENTO: MIYOTA (japon\u00e9s) -RESISTENCIA AL AGUA: 3 ATM ( salpicaduras y lluvia) -LONGITUD DE BANDA: 240 mm -DI\u00c1METRO DEL CASO: 44 mm -PESO: 95 g -MATERIAL BANDA: Cuero sintetico y caucho -MATERIAL DEL CASO: Aleaci\u00f3n -Fecha autom\u00e1tica, cron\u00f3grafo, agujas e indicadores luminosos &nbsp;<\/p>\n","protected":false},"featured_media":244,"template":"","meta":[],"product_brand":[],"product_cat":[18],"product_tag":[],"class_list":{"0":"post-456","1":"product","2":"type-product","3":"status-publish","4":"has-post-thumbnail","6":"product_cat-relojes-de-hombre","7":"sales-flash-overlay","8":"woocommerce-text-align-center","9":"woocommerce-image-align-center","10":"do-quantity-buttons","12":"first","13":"instock","14":"purchasable","15":"product-type-simple"},"jetpack_sharing_enabled":true,"_links":{"self":[{"href":"https:\/\/thebaaccesorios.net\/index.php?rest_route=\/wp\/v2\/product\/456","targetHints":{"allow":["GET"]}}],"collection":[{"href":"https:\/\/thebaaccesorios.net\/index.php?rest_route=\/wp\/v2\/product"}],"about":[{"href":"https:\/\/thebaaccesorios.net\/index.php?rest_route=\/wp\/v2\/types\/product"}],"wp:featuredmedia":[{"embeddable":true,"href":"https:\/\/thebaaccesorios.net\/index.php?rest_route=\/wp\/v2\/media\/244"}],"wp:attachment":[{"href":"https:\/\/thebaaccesorios.net\/index.php?rest_route=%2Fwp%2Fv2%2Fmedia&parent=456"}],"wp:term":[{"taxonomy":"product_brand","embeddable":true,"href":"https:\/\/thebaaccesorios.net\/index.php?rest_route=%2Fwp%2Fv2%2Fproduct_brand&post=456"},{"taxonomy":"product_cat","embeddable":true,"href":"https:\/\/thebaaccesorios.net\/index.php?rest_route=%2Fwp%2Fv2%2Fproduct_cat&post=456"},{"taxonomy":"product_tag","embeddable":true,"href":"https:\/\/thebaaccesorios.net\/index.php?rest_route=%2Fwp%2Fv2%2Fproduct_tag&post=456"}],"curies":[{"name":"wp","href":"https:\/\/api.w.org\/{rel}","templated":true}]}}