{"id":465,"date":"2023-11-06T12:33:03","date_gmt":"2023-11-06T12:33:03","guid":{"rendered":"https:\/\/thebaaccesorios.net\/?product=pulsera-cuero-y-piedra-chakra-reiki-7"},"modified":"2024-10-15T22:50:12","modified_gmt":"2024-10-15T19:50:12","slug":"pulsera-cuero-y-piedra-chakra-reiki-7","status":"publish","type":"product","link":"https:\/\/thebaaccesorios.net\/?product=pulsera-cuero-y-piedra-chakra-reiki-7","title":{"rendered":"Pulsera cuero y piedra chakra reiki 7"},"content":{"rendered":"<p>PULSERA CUERO \u00a0Y PIEDRA DE CHAKRA REIKI 7 EXCELENTE CALIDAD.<\/p>\n<p>-Di\u00e1metro: 6cm<br \/>\n-Largo: 20 cm<br \/>\n-Tipo de cierre: metalico con im\u00e1n.<\/p>\n<p>LAS PULSERAS DE LOS CHAKRAS: Es un accesorio y una herramienta cuyo fin es armonizar la energ\u00eda que emana del cuerpo, a trav\u00e9s de la vibraci\u00f3n similar que poseen las piedras semipreciosas.<\/p>\n<p>Los puntos chakras son 7, ubicados desde la cabeza hasta cerca de las extremidades inferiores, y naturalmente cada una est\u00e1 en sinton\u00eda con una piedra o cristal.<\/p>\n<p>T\u00fa cuerpo posee un flujo energ\u00e9tico que se mueve en funci\u00f3n de las manecillas del reloj, es decir, de afuera hacia adentro. Esta energ\u00eda es conocida como CH\u00cd y viaja a trav\u00e9s de los 7 chakras.<\/p>\n<p>Cada chakra, tiene una forma de activarse y conectarse con el universo, ellos poseen un color, una vibraci\u00f3n espec\u00edfica, una nota musical y un s\u00edmbolo, as\u00ed como tambi\u00e9n tienen una piedra mineral que las activa o desbloquea los chakras.<\/p>\n<p>Para obtener beneficio f\u00edsico, mental, salud optima y paz, es importante controlar o regular en flujo de energ\u00eda que avanza por tu ser.<\/p>\n<p>De acuerdo a la cultura hind\u00fa, distintas situaciones o circunstancias son capaces de disminuir o aumentar gradualmente este estado energ\u00e9tico, pudiendo beneficiar o perjudicar al cuerpo<\/p>\n<p>&nbsp;<\/p>\n","protected":false},"excerpt":{"rendered":"<p>PULSERA CUERO \u00a0Y PIEDRA DE CHAKRA REIKI 7 EXCELENTE CALIDAD. -Di\u00e1metro: 6cm -Largo: 20 cm -Tipo de cierre: metalico con im\u00e1n. LAS PULSERAS DE LOS CHAKRAS: Es un accesorio y una herramienta cuyo fin es armonizar la energ\u00eda que emana del cuerpo, a trav\u00e9s de la vibraci\u00f3n similar que poseen las piedras semipreciosas. Los puntos &#8230; <a title=\"Pulsera cuero y piedra chakra reiki 7\" class=\"read-more\" href=\"https:\/\/thebaaccesorios.net\/?product=pulsera-cuero-y-piedra-chakra-reiki-7\" aria-label=\"M\u00e1s en Pulsera cuero y piedra chakra reiki 7\">Leer m\u00e1s<\/a><\/p>\n","protected":false},"featured_media":232,"template":"","meta":[],"product_brand":[],"product_cat":[19],"product_tag":[],"class_list":{"0":"post-465","1":"product","2":"type-product","3":"status-publish","4":"has-post-thumbnail","6":"product_cat-pulseras","7":"sales-flash-overlay","8":"woocommerce-text-align-center","9":"woocommerce-image-align-center","10":"do-quantity-buttons","12":"first","13":"instock","14":"purchasable","15":"product-type-simple"},"jetpack_sharing_enabled":true,"_links":{"self":[{"href":"https:\/\/thebaaccesorios.net\/index.php?rest_route=\/wp\/v2\/product\/465","targetHints":{"allow":["GET"]}}],"collection":[{"href":"https:\/\/thebaaccesorios.net\/index.php?rest_route=\/wp\/v2\/product"}],"about":[{"href":"https:\/\/thebaaccesorios.net\/index.php?rest_route=\/wp\/v2\/types\/product"}],"wp:featuredmedia":[{"embeddable":true,"href":"https:\/\/thebaaccesorios.net\/index.php?rest_route=\/wp\/v2\/media\/232"}],"wp:attachment":[{"href":"https:\/\/thebaaccesorios.net\/index.php?rest_route=%2Fwp%2Fv2%2Fmedia&parent=465"}],"wp:term":[{"taxonomy":"product_brand","embeddable":true,"href":"https:\/\/thebaaccesorios.net\/index.php?rest_route=%2Fwp%2Fv2%2Fproduct_brand&post=465"},{"taxonomy":"product_cat","embeddable":true,"href":"https:\/\/thebaaccesorios.net\/index.php?rest_route=%2Fwp%2Fv2%2Fproduct_cat&post=465"},{"taxonomy":"product_tag","embeddable":true,"href":"https:\/\/thebaaccesorios.net\/index.php?rest_route=%2Fwp%2Fv2%2Fproduct_tag&post=465"}],"curies":[{"name":"wp","href":"https:\/\/api.w.org\/{rel}","templated":true}]}}