{"id":493,"date":"2023-11-06T12:33:09","date_gmt":"2023-11-06T12:33:09","guid":{"rendered":"https:\/\/thebaaccesorios.net\/?product=reloj-hombre-smael-1921-army-green"},"modified":"2025-01-16T16:29:57","modified_gmt":"2025-01-16T13:29:57","slug":"reloj-hombre-smael-1921-army-green","status":"publish","type":"product","link":"https:\/\/thebaaccesorios.net\/?product=reloj-hombre-smael-1921-army-green","title":{"rendered":"Reloj hombre Smael 1921 Army Green"},"content":{"rendered":"<p>-MARCA: Smael<br \/>\n-MODELO: 1921<br \/>\n-TIPO: Deportivo, anal\u00f3gico digital<br \/>\n-FUNCIONES: cron\u00f3grafo, luz, alarma, calendario, reloj digital y de agujas<br \/>\n-TIPO DE MOVIMENTO: cuarzo electr\u00f3nico jap\u00f3n<br \/>\n-RESISTENCIA AL AGUA: 5 ATM (ducha , nadar)<br \/>\n-MATERIAL : caucho fuerte y Vidrio<br \/>\n-MATERIAL BANDA: Silicona<br \/>\n-LONGITUD DE BANDA: 21cm<br \/>\n-DIAMETRO CAJA: 5 cm<br \/>\n-PESO: 79 gr<br \/>\n-Incluye estuche<\/p>\n","protected":false},"excerpt":{"rendered":"<p>-MARCA: Smael -MODELO: 1921 -TIPO: Deportivo, anal\u00f3gico digital -FUNCIONES: cron\u00f3grafo, luz, alarma, calendario, reloj digital y de agujas -TIPO DE MOVIMENTO: cuarzo electr\u00f3nico jap\u00f3n -RESISTENCIA AL AGUA: 5 ATM (ducha , nadar) -MATERIAL : caucho fuerte y Vidrio -MATERIAL BANDA: Silicona -LONGITUD DE BANDA: 21cm -DIAMETRO CAJA: 5 cm -PESO: 79 gr -Incluye estuche<\/p>\n","protected":false},"featured_media":304,"template":"","meta":[],"product_brand":[],"product_cat":[18],"product_tag":[],"class_list":{"0":"post-493","1":"product","2":"type-product","3":"status-publish","4":"has-post-thumbnail","6":"product_cat-relojes-de-hombre","7":"sales-flash-overlay","8":"woocommerce-text-align-center","9":"woocommerce-image-align-center","10":"do-quantity-buttons","12":"first","13":"instock","14":"purchasable","15":"product-type-simple"},"jetpack_sharing_enabled":true,"_links":{"self":[{"href":"https:\/\/thebaaccesorios.net\/index.php?rest_route=\/wp\/v2\/product\/493","targetHints":{"allow":["GET"]}}],"collection":[{"href":"https:\/\/thebaaccesorios.net\/index.php?rest_route=\/wp\/v2\/product"}],"about":[{"href":"https:\/\/thebaaccesorios.net\/index.php?rest_route=\/wp\/v2\/types\/product"}],"wp:featuredmedia":[{"embeddable":true,"href":"https:\/\/thebaaccesorios.net\/index.php?rest_route=\/wp\/v2\/media\/304"}],"wp:attachment":[{"href":"https:\/\/thebaaccesorios.net\/index.php?rest_route=%2Fwp%2Fv2%2Fmedia&parent=493"}],"wp:term":[{"taxonomy":"product_brand","embeddable":true,"href":"https:\/\/thebaaccesorios.net\/index.php?rest_route=%2Fwp%2Fv2%2Fproduct_brand&post=493"},{"taxonomy":"product_cat","embeddable":true,"href":"https:\/\/thebaaccesorios.net\/index.php?rest_route=%2Fwp%2Fv2%2Fproduct_cat&post=493"},{"taxonomy":"product_tag","embeddable":true,"href":"https:\/\/thebaaccesorios.net\/index.php?rest_route=%2Fwp%2Fv2%2Fproduct_tag&post=493"}],"curies":[{"name":"wp","href":"https:\/\/api.w.org\/{rel}","templated":true}]}}