{"id":506,"date":"2023-11-06T12:33:09","date_gmt":"2023-11-06T12:33:09","guid":{"rendered":"https:\/\/thebaaccesorios.net\/?product=reloj-hombre-megir-2061"},"modified":"2024-02-29T13:05:11","modified_gmt":"2024-02-29T13:05:11","slug":"reloj-hombre-megir-2061","status":"publish","type":"product","link":"https:\/\/thebaaccesorios.net\/?product=reloj-hombre-megir-2061","title":{"rendered":"Reloj hombre Megir 2061"},"content":{"rendered":"<p>CARACTERISTICAS:<br \/>\n-MARCA: Megir<br \/>\n-MODELO: 2061<br \/>\n-TIPO: Moda, Lujo<br \/>\n-TIPO DE MOVIMENTO: Cuarzo<br \/>\n-RESISTENCIA AL AGUA: 3 atm (salpicadura y lavado manos)<br \/>\n-LONGITUD DE BANDA: 22.5 cm<br \/>\n-ANCHO DE BANDA: 22 mm<br \/>\n-TAMA\u00d1O CASO: 4.1 cm<br \/>\n-MATERIAL BANDA: Cuero<br \/>\n-MATERIAL DEL CASO: Aleaci\u00f3n<br \/>\n-Agujas luminosas, cron\u00f3grafo<br \/>\n-Fecha autom\u00e1tica, calendario completo.<br \/>\n-Incluye estuche de presentaci\u00f3n<\/p>\n","protected":false},"excerpt":{"rendered":"<p>CARACTERISTICAS: -MARCA: Megir -MODELO: 2061 -TIPO: Moda, Lujo -TIPO DE MOVIMENTO: Cuarzo -RESISTENCIA AL AGUA: 3 atm (salpicadura y lavado manos) -LONGITUD DE BANDA: 22.5 cm -ANCHO DE BANDA: 22 mm -TAMA\u00d1O CASO: 4.1 cm -MATERIAL BANDA: Cuero -MATERIAL DEL CASO: Aleaci\u00f3n -Agujas luminosas, cron\u00f3grafo -Fecha autom\u00e1tica, calendario completo. -Incluye estuche de presentaci\u00f3n<\/p>\n","protected":false},"featured_media":380,"template":"","meta":[],"product_brand":[],"product_cat":[18],"product_tag":[],"class_list":{"0":"post-506","1":"product","2":"type-product","3":"status-publish","4":"has-post-thumbnail","6":"product_cat-relojes-de-hombre","7":"sales-flash-overlay","8":"woocommerce-text-align-center","9":"woocommerce-image-align-center","10":"do-quantity-buttons","12":"first","13":"instock","14":"purchasable","15":"product-type-simple"},"jetpack_sharing_enabled":true,"_links":{"self":[{"href":"https:\/\/thebaaccesorios.net\/index.php?rest_route=\/wp\/v2\/product\/506","targetHints":{"allow":["GET"]}}],"collection":[{"href":"https:\/\/thebaaccesorios.net\/index.php?rest_route=\/wp\/v2\/product"}],"about":[{"href":"https:\/\/thebaaccesorios.net\/index.php?rest_route=\/wp\/v2\/types\/product"}],"wp:featuredmedia":[{"embeddable":true,"href":"https:\/\/thebaaccesorios.net\/index.php?rest_route=\/wp\/v2\/media\/380"}],"wp:attachment":[{"href":"https:\/\/thebaaccesorios.net\/index.php?rest_route=%2Fwp%2Fv2%2Fmedia&parent=506"}],"wp:term":[{"taxonomy":"product_brand","embeddable":true,"href":"https:\/\/thebaaccesorios.net\/index.php?rest_route=%2Fwp%2Fv2%2Fproduct_brand&post=506"},{"taxonomy":"product_cat","embeddable":true,"href":"https:\/\/thebaaccesorios.net\/index.php?rest_route=%2Fwp%2Fv2%2Fproduct_cat&post=506"},{"taxonomy":"product_tag","embeddable":true,"href":"https:\/\/thebaaccesorios.net\/index.php?rest_route=%2Fwp%2Fv2%2Fproduct_tag&post=506"}],"curies":[{"name":"wp","href":"https:\/\/api.w.org\/{rel}","templated":true}]}}