{"id":508,"date":"2023-11-06T12:33:13","date_gmt":"2023-11-06T12:33:13","guid":{"rendered":"https:\/\/thebaaccesorios.net\/?product=reloj-hombre-benyar-5160"},"modified":"2025-07-10T07:34:01","modified_gmt":"2025-07-10T04:34:01","slug":"reloj-hombre-benyar-5160","status":"publish","type":"product","link":"https:\/\/thebaaccesorios.net\/?product=reloj-hombre-benyar-5160","title":{"rendered":"Reloj hombre Benyar 5160"},"content":{"rendered":"<p>-MARCA: Benyar<br \/>\n-MODELO: 5160<br \/>\n-TIPO: Moda, Lujo, Cuarzo,<br \/>\n-TIPO DE MOVIMENTO: Japones de cuarzo. (miyota)<br \/>\n-RESISTENCIA AL AGUA: 3ATM (salpicaduras y lavado manos)<br \/>\n-MATERIAL BANDA: cuero<br \/>\n-LONGITUD DE BANDA: 24cm<br \/>\n-ANCHO DE BANDA: 22 mm<br \/>\n-DI\u00c1METRO ESFERA: 4.2 cm-PESO: 60 gr<br \/>\n-MATERIAL DEL CASO: Aleaci\u00f3n-Cron\u00f3grafo, Calendario completo<br \/>\n-Cristal de Mineral Endurecido (Hardlex) | Resistente a golpes<br \/>\n-Incluye estuche<\/p>\n","protected":false},"excerpt":{"rendered":"<p>-MARCA: Benyar -MODELO: 5160 -TIPO: Moda, Lujo, Cuarzo, -TIPO DE MOVIMENTO: Japones de cuarzo. (miyota) -RESISTENCIA AL AGUA: 3ATM (salpicaduras y lavado manos) -MATERIAL BANDA: cuero -LONGITUD DE BANDA: 24cm -ANCHO DE BANDA: 22 mm -DI\u00c1METRO ESFERA: 4.2 cm-PESO: 60 gr -MATERIAL DEL CASO: Aleaci\u00f3n-Cron\u00f3grafo, Calendario completo -Cristal de Mineral Endurecido (Hardlex) | Resistente a &#8230; <a title=\"Reloj hombre Benyar 5160\" class=\"read-more\" href=\"https:\/\/thebaaccesorios.net\/?product=reloj-hombre-benyar-5160\" aria-label=\"M\u00e1s en Reloj hombre Benyar 5160\">Leer m\u00e1s<\/a><\/p>\n","protected":false},"featured_media":336,"template":"","meta":[],"product_brand":[],"product_cat":[18],"product_tag":[],"class_list":{"0":"post-508","1":"product","2":"type-product","3":"status-publish","4":"has-post-thumbnail","6":"product_cat-relojes-de-hombre","7":"sales-flash-overlay","8":"woocommerce-text-align-center","9":"woocommerce-image-align-center","10":"do-quantity-buttons","12":"first","13":"instock","14":"purchasable","15":"product-type-simple"},"jetpack_sharing_enabled":true,"_links":{"self":[{"href":"https:\/\/thebaaccesorios.net\/index.php?rest_route=\/wp\/v2\/product\/508","targetHints":{"allow":["GET"]}}],"collection":[{"href":"https:\/\/thebaaccesorios.net\/index.php?rest_route=\/wp\/v2\/product"}],"about":[{"href":"https:\/\/thebaaccesorios.net\/index.php?rest_route=\/wp\/v2\/types\/product"}],"wp:featuredmedia":[{"embeddable":true,"href":"https:\/\/thebaaccesorios.net\/index.php?rest_route=\/wp\/v2\/media\/336"}],"wp:attachment":[{"href":"https:\/\/thebaaccesorios.net\/index.php?rest_route=%2Fwp%2Fv2%2Fmedia&parent=508"}],"wp:term":[{"taxonomy":"product_brand","embeddable":true,"href":"https:\/\/thebaaccesorios.net\/index.php?rest_route=%2Fwp%2Fv2%2Fproduct_brand&post=508"},{"taxonomy":"product_cat","embeddable":true,"href":"https:\/\/thebaaccesorios.net\/index.php?rest_route=%2Fwp%2Fv2%2Fproduct_cat&post=508"},{"taxonomy":"product_tag","embeddable":true,"href":"https:\/\/thebaaccesorios.net\/index.php?rest_route=%2Fwp%2Fv2%2Fproduct_tag&post=508"}],"curies":[{"name":"wp","href":"https:\/\/api.w.org\/{rel}","templated":true}]}}