{"id":511,"date":"2023-11-06T12:33:13","date_gmt":"2023-11-06T12:33:13","guid":{"rendered":"https:\/\/thebaaccesorios.net\/?product=reloj-hombre-megir-2020"},"modified":"2025-04-14T22:19:50","modified_gmt":"2025-04-14T19:19:50","slug":"reloj-hombre-megir-2020","status":"publish","type":"product","link":"https:\/\/thebaaccesorios.net\/?product=reloj-hombre-megir-2020","title":{"rendered":"Reloj hombre Megir 2020"},"content":{"rendered":"<p>CARACTERISTICAS<\/p>\n<p>-MARCA: Megir<br \/>\n-MODELO: 007<br \/>\n-TIPO: Moda, Lujo, Cuarzo,<br \/>\n-RESISTENCIA AL AGUA: 3ATM (lavado manos y salpicadura)<br \/>\n-LONGITUD DE BANDA: 223 mm<br \/>\n-ANCHO BANDA: 22 mm<br \/>\n-MATERIAL BANDA: cuero<br \/>\n-MATERIAL DEL CASO: aleaci\u00f3n<br \/>\n-Fecha autom\u00e1tica, calendario completo, cron\u00f3grafo<br \/>\n-DIAMETRO DE LA CAJA; 44 mm<br \/>\n-AGUJAS LUMINOSAS<br \/>\n-PESO: 85 gramos<br \/>\n-Incluye estuche<\/p>\n","protected":false},"excerpt":{"rendered":"<p>CARACTERISTICAS -MARCA: Megir -MODELO: 007 -TIPO: Moda, Lujo, Cuarzo, -RESISTENCIA AL AGUA: 3ATM (lavado manos y salpicadura) -LONGITUD DE BANDA: 223 mm -ANCHO BANDA: 22 mm -MATERIAL BANDA: cuero -MATERIAL DEL CASO: aleaci\u00f3n -Fecha autom\u00e1tica, calendario completo, cron\u00f3grafo -DIAMETRO DE LA CAJA; 44 mm -AGUJAS LUMINOSAS -PESO: 85 gramos -Incluye estuche<\/p>\n","protected":false},"featured_media":403,"template":"","meta":[],"product_brand":[],"product_cat":[18],"product_tag":[],"class_list":{"0":"post-511","1":"product","2":"type-product","3":"status-publish","4":"has-post-thumbnail","6":"product_cat-relojes-de-hombre","7":"sales-flash-overlay","8":"woocommerce-text-align-center","9":"woocommerce-image-align-center","10":"do-quantity-buttons","12":"first","13":"instock","14":"purchasable","15":"product-type-simple"},"jetpack_sharing_enabled":true,"_links":{"self":[{"href":"https:\/\/thebaaccesorios.net\/index.php?rest_route=\/wp\/v2\/product\/511","targetHints":{"allow":["GET"]}}],"collection":[{"href":"https:\/\/thebaaccesorios.net\/index.php?rest_route=\/wp\/v2\/product"}],"about":[{"href":"https:\/\/thebaaccesorios.net\/index.php?rest_route=\/wp\/v2\/types\/product"}],"wp:featuredmedia":[{"embeddable":true,"href":"https:\/\/thebaaccesorios.net\/index.php?rest_route=\/wp\/v2\/media\/403"}],"wp:attachment":[{"href":"https:\/\/thebaaccesorios.net\/index.php?rest_route=%2Fwp%2Fv2%2Fmedia&parent=511"}],"wp:term":[{"taxonomy":"product_brand","embeddable":true,"href":"https:\/\/thebaaccesorios.net\/index.php?rest_route=%2Fwp%2Fv2%2Fproduct_brand&post=511"},{"taxonomy":"product_cat","embeddable":true,"href":"https:\/\/thebaaccesorios.net\/index.php?rest_route=%2Fwp%2Fv2%2Fproduct_cat&post=511"},{"taxonomy":"product_tag","embeddable":true,"href":"https:\/\/thebaaccesorios.net\/index.php?rest_route=%2Fwp%2Fv2%2Fproduct_tag&post=511"}],"curies":[{"name":"wp","href":"https:\/\/api.w.org\/{rel}","templated":true}]}}