{"id":512,"date":"2023-11-06T15:33:13","date_gmt":"2023-11-06T12:33:13","guid":{"rendered":"https:\/\/thebaaccesorios.net\/?product=smartwatch-w28-pro-serie-8"},"modified":"2026-01-26T18:31:46","modified_gmt":"2026-01-26T15:31:46","slug":"smartwatch-w28-pro-serie-8","status":"publish","type":"product","link":"https:\/\/thebaaccesorios.net\/?product=smartwatch-w28-pro-serie-8","title":{"rendered":"Smartwatch W29 Pro serie 9"},"content":{"rendered":"<p>CARACTERISTICAS:<\/p>\n<p>-COLORES: Negro, Blanco<\/p>\n<p>-SISTEMA COMPATIBLE: Android \/para ios<\/p>\n<p>-TAMA\u00d1O PANTALLA: 1,95 pulgadas<\/p>\n<p>-CAPACIDAD BATERIA: litio de 270MAH<\/p>\n<p>-TIEMPO DE CARGA: 150 Min<\/p>\n<p>-CARGADOR MAGNETICO<\/p>\n<p>-MATERIAL CORREA: Silicona<\/p>\n<p>-CLASIFICACI\u00d3N IMPERMEABLE: IP68 (permite ser sumergido poca profundidad cortos periodos)-FUNCIONES PRINCIPALES: &#8211; Llamadas: hacer y contestar llamadas despu\u00e9s de conectar Bluetooth con tel\u00e9fonointeligente- Notificaciones Redes Sociales ( WhatsApp. Messenger, Instagram y otras)- Estilos de men\u00fa 8 opciones- Modos de Deporte 9- Contador de pasos- Masaje corporal- Control sue\u00f1o- Monitor de frecuencia card\u00edaca- Presi\u00f3n arterial- Ox\u00edgeno en sangre- Nivel de agua- Sensor Encendido al Levantar la mano.- Dividir pantalla- Passlock &#8211; Contrase\u00f1a- Bluetooth llamada- Registro periodo Mujer- Asistente de voz- Pod\u00f3metro- Monitor de sue\u00f1o- La m\u00fasica de Bluetooth- El tiempo &#8211; Clima- Cron\u00f3metro- Reloj de alarma- Temporizador- C\u00e1mara de Control Remoto (Selfie)- Encontrar Reloj y Tel\u00e9fono- Calculadora<\/p>\n<p>-IDIOMAS: Chino, ingl\u00e9s, alem\u00e1n, franc\u00e9s, italiano, espa\u00f1ol, japon\u00e9s, polaco, ruso, portugu\u00e9s, vietnamita, coreano, \u00e1rabe, hebreo, tailand\u00e9s, croata, turco, checo, holand\u00e9s,indonesio, malasio, finland\u00e9s, griego, rumano.<\/p>\n","protected":false},"excerpt":{"rendered":"<p>CARACTERISTICAS: -COLORES: Negro, Blanco -SISTEMA COMPATIBLE: Android \/para ios -TAMA\u00d1O PANTALLA: 1,95 pulgadas -CAPACIDAD BATERIA: litio de 270MAH -TIEMPO DE CARGA: 150 Min -CARGADOR MAGNETICO -MATERIAL CORREA: Silicona -CLASIFICACI\u00d3N IMPERMEABLE: IP68 (permite ser sumergido poca profundidad cortos periodos)-FUNCIONES PRINCIPALES: &#8211; Llamadas: hacer y contestar llamadas despu\u00e9s de conectar Bluetooth con tel\u00e9fonointeligente- Notificaciones Redes Sociales ( &#8230; <a title=\"Smartwatch W29 Pro serie 9\" class=\"read-more\" href=\"https:\/\/thebaaccesorios.net\/?product=smartwatch-w28-pro-serie-8\" aria-label=\"M\u00e1s en Smartwatch W29 Pro serie 9\">Leer m\u00e1s<\/a><\/p>\n","protected":false},"featured_media":117,"template":"","meta":[],"product_brand":[],"product_cat":[23],"product_tag":[],"class_list":{"0":"post-512","1":"product","2":"type-product","3":"status-publish","4":"has-post-thumbnail","6":"product_cat-relojes-digitales","7":"sales-flash-overlay","8":"woocommerce-text-align-center","9":"woocommerce-image-align-center","10":"do-quantity-buttons","12":"first","13":"instock","14":"sale","15":"purchasable","16":"product-type-simple"},"jetpack_sharing_enabled":true,"_links":{"self":[{"href":"https:\/\/thebaaccesorios.net\/index.php?rest_route=\/wp\/v2\/product\/512","targetHints":{"allow":["GET"]}}],"collection":[{"href":"https:\/\/thebaaccesorios.net\/index.php?rest_route=\/wp\/v2\/product"}],"about":[{"href":"https:\/\/thebaaccesorios.net\/index.php?rest_route=\/wp\/v2\/types\/product"}],"wp:featuredmedia":[{"embeddable":true,"href":"https:\/\/thebaaccesorios.net\/index.php?rest_route=\/wp\/v2\/media\/117"}],"wp:attachment":[{"href":"https:\/\/thebaaccesorios.net\/index.php?rest_route=%2Fwp%2Fv2%2Fmedia&parent=512"}],"wp:term":[{"taxonomy":"product_brand","embeddable":true,"href":"https:\/\/thebaaccesorios.net\/index.php?rest_route=%2Fwp%2Fv2%2Fproduct_brand&post=512"},{"taxonomy":"product_cat","embeddable":true,"href":"https:\/\/thebaaccesorios.net\/index.php?rest_route=%2Fwp%2Fv2%2Fproduct_cat&post=512"},{"taxonomy":"product_tag","embeddable":true,"href":"https:\/\/thebaaccesorios.net\/index.php?rest_route=%2Fwp%2Fv2%2Fproduct_tag&post=512"}],"curies":[{"name":"wp","href":"https:\/\/api.w.org\/{rel}","templated":true}]}}