{"id":515,"date":"2023-11-06T15:33:13","date_gmt":"2023-11-06T12:33:13","guid":{"rendered":"https:\/\/thebaaccesorios.net\/?product=pulsera-inteligente-m6"},"modified":"2025-12-10T13:10:06","modified_gmt":"2025-12-10T10:10:06","slug":"pulsera-inteligente-m6","status":"publish","type":"product","link":"https:\/\/thebaaccesorios.net\/?product=pulsera-inteligente-m6","title":{"rendered":"Pulsera reloj inteligente M7"},"content":{"rendered":"<p>CARACTERISTICAS:<br \/>\n-APLICACI\u00d3N: FitPro<br \/>\n-SISTEMAS:Android 4.4 y superior, iOS 7.1 y superior<br \/>\n-IDIOMAS: multiples idiomas.<br \/>\n-MODO DE FUNCIONAMIENTO: bot\u00f3n t\u00e1ctil<br \/>\n-TIPO PANTALLA: LCD 0,9 pulgadas .<br \/>\n-BATERIA: Capacidad de la bater\u00eda: 90 mAh<br \/>\n-Tiempo de espera: Alrededor de 1-2 d\u00edas Tipo de carga: Carga USB.<br \/>\nFUNCIONES:<br \/>\n.- Pod\u00f3metro.<br \/>\n.- Distancia.<br \/>\n.- Calor\u00edas.<br \/>\n.- Monitor de sue\u00f1o.<br \/>\n.- Modos deportivos m\u00faltiples.<br \/>\n.- Reloj despertador.<br \/>\n.- Control remoto de c\u00e1mara.<br \/>\n.- Alerta sedentaria.<br \/>\n.- Alerta de llamada entrante.<br \/>\n.- Monitor de frecuencia card\u00edaca.<br \/>\n.- 3 tipos de modos de deporte.<br \/>\n.- Resistente al sudor, al polvo.<br \/>\n.-NO ES SUMERGIBLE<\/p>\n<p>&nbsp;<\/p>\n","protected":false},"excerpt":{"rendered":"<p>CARACTERISTICAS: -APLICACI\u00d3N: FitPro -SISTEMAS:Android 4.4 y superior, iOS 7.1 y superior -IDIOMAS: multiples idiomas. -MODO DE FUNCIONAMIENTO: bot\u00f3n t\u00e1ctil -TIPO PANTALLA: LCD 0,9 pulgadas . -BATERIA: Capacidad de la bater\u00eda: 90 mAh -Tiempo de espera: Alrededor de 1-2 d\u00edas Tipo de carga: Carga USB. FUNCIONES: .- Pod\u00f3metro. .- Distancia. .- Calor\u00edas. .- Monitor de sue\u00f1o. &#8230; <a title=\"Pulsera reloj inteligente M7\" class=\"read-more\" href=\"https:\/\/thebaaccesorios.net\/?product=pulsera-inteligente-m6\" aria-label=\"M\u00e1s en Pulsera reloj inteligente M7\">Leer m\u00e1s<\/a><\/p>\n","protected":false},"featured_media":927,"template":"","meta":[],"product_brand":[],"product_cat":[23],"product_tag":[],"class_list":{"0":"post-515","1":"product","2":"type-product","3":"status-publish","4":"has-post-thumbnail","6":"product_cat-relojes-digitales","7":"sales-flash-overlay","8":"woocommerce-text-align-center","9":"woocommerce-image-align-center","10":"do-quantity-buttons","12":"first","13":"instock","14":"purchasable","15":"product-type-simple"},"jetpack_sharing_enabled":true,"_links":{"self":[{"href":"https:\/\/thebaaccesorios.net\/index.php?rest_route=\/wp\/v2\/product\/515","targetHints":{"allow":["GET"]}}],"collection":[{"href":"https:\/\/thebaaccesorios.net\/index.php?rest_route=\/wp\/v2\/product"}],"about":[{"href":"https:\/\/thebaaccesorios.net\/index.php?rest_route=\/wp\/v2\/types\/product"}],"wp:featuredmedia":[{"embeddable":true,"href":"https:\/\/thebaaccesorios.net\/index.php?rest_route=\/wp\/v2\/media\/927"}],"wp:attachment":[{"href":"https:\/\/thebaaccesorios.net\/index.php?rest_route=%2Fwp%2Fv2%2Fmedia&parent=515"}],"wp:term":[{"taxonomy":"product_brand","embeddable":true,"href":"https:\/\/thebaaccesorios.net\/index.php?rest_route=%2Fwp%2Fv2%2Fproduct_brand&post=515"},{"taxonomy":"product_cat","embeddable":true,"href":"https:\/\/thebaaccesorios.net\/index.php?rest_route=%2Fwp%2Fv2%2Fproduct_cat&post=515"},{"taxonomy":"product_tag","embeddable":true,"href":"https:\/\/thebaaccesorios.net\/index.php?rest_route=%2Fwp%2Fv2%2Fproduct_tag&post=515"}],"curies":[{"name":"wp","href":"https:\/\/api.w.org\/{rel}","templated":true}]}}