{"id":518,"date":"2023-11-06T12:33:13","date_gmt":"2023-11-06T12:33:13","guid":{"rendered":"https:\/\/thebaaccesorios.net\/?product=reloj-hombre-megir-2156"},"modified":"2025-07-10T07:38:37","modified_gmt":"2025-07-10T04:38:37","slug":"reloj-hombre-megir-2156","status":"publish","type":"product","link":"https:\/\/thebaaccesorios.net\/?product=reloj-hombre-megir-2156","title":{"rendered":"Reloj hombre Megir 2156"},"content":{"rendered":"<p>CARACTERISTICAS:<\/p>\n<p>-MARCA: Megir<br \/>\n-MODELO: 2156<br \/>\n-TIPO: Moda, Lujo, Cuarzo,<br \/>\n-TIPO DE MOVIMENTO: \u00a0de cuarzo (SEIKO).<br \/>\n-RESISTENCIA AL AGUA: SI (3 ATM)<br \/>\n-LONGITUD DE BANDA: 220 mm<br \/>\n-TAMA\u00d1O CASO: 51 mm<br \/>\n-MATERIAL BANDA: Acero inoxidable<br \/>\n-MATERIAL DEL CASO: Acero inoxidable<br \/>\n-FUNCIONES: Fecha autom\u00e1tica, Cron\u00f3grafo<br \/>\n-Incluye caja de presentaci\u00f3n<\/p>\n","protected":false},"excerpt":{"rendered":"<p>CARACTERISTICAS: -MARCA: Megir -MODELO: 2156 -TIPO: Moda, Lujo, Cuarzo, -TIPO DE MOVIMENTO: \u00a0de cuarzo (SEIKO). -RESISTENCIA AL AGUA: SI (3 ATM) -LONGITUD DE BANDA: 220 mm -TAMA\u00d1O CASO: 51 mm -MATERIAL BANDA: Acero inoxidable -MATERIAL DEL CASO: Acero inoxidable -FUNCIONES: Fecha autom\u00e1tica, Cron\u00f3grafo -Incluye caja de presentaci\u00f3n<\/p>\n","protected":false},"featured_media":289,"template":"","meta":[],"product_brand":[],"product_cat":[18],"product_tag":[],"class_list":{"0":"post-518","1":"product","2":"type-product","3":"status-publish","4":"has-post-thumbnail","6":"product_cat-relojes-de-hombre","7":"sales-flash-overlay","8":"woocommerce-text-align-center","9":"woocommerce-image-align-center","10":"do-quantity-buttons","12":"first","13":"instock","14":"purchasable","15":"product-type-simple"},"jetpack_sharing_enabled":true,"_links":{"self":[{"href":"https:\/\/thebaaccesorios.net\/index.php?rest_route=\/wp\/v2\/product\/518","targetHints":{"allow":["GET"]}}],"collection":[{"href":"https:\/\/thebaaccesorios.net\/index.php?rest_route=\/wp\/v2\/product"}],"about":[{"href":"https:\/\/thebaaccesorios.net\/index.php?rest_route=\/wp\/v2\/types\/product"}],"wp:featuredmedia":[{"embeddable":true,"href":"https:\/\/thebaaccesorios.net\/index.php?rest_route=\/wp\/v2\/media\/289"}],"wp:attachment":[{"href":"https:\/\/thebaaccesorios.net\/index.php?rest_route=%2Fwp%2Fv2%2Fmedia&parent=518"}],"wp:term":[{"taxonomy":"product_brand","embeddable":true,"href":"https:\/\/thebaaccesorios.net\/index.php?rest_route=%2Fwp%2Fv2%2Fproduct_brand&post=518"},{"taxonomy":"product_cat","embeddable":true,"href":"https:\/\/thebaaccesorios.net\/index.php?rest_route=%2Fwp%2Fv2%2Fproduct_cat&post=518"},{"taxonomy":"product_tag","embeddable":true,"href":"https:\/\/thebaaccesorios.net\/index.php?rest_route=%2Fwp%2Fv2%2Fproduct_tag&post=518"}],"curies":[{"name":"wp","href":"https:\/\/api.w.org\/{rel}","templated":true}]}}