{"id":531,"date":"2023-11-06T12:33:16","date_gmt":"2023-11-06T12:33:16","guid":{"rendered":"https:\/\/thebaaccesorios.net\/?product=reloj-inteligente-d20"},"modified":"2024-12-16T18:26:16","modified_gmt":"2024-12-16T15:26:16","slug":"reloj-inteligente-d20","status":"publish","type":"product","link":"https:\/\/thebaaccesorios.net\/?product=reloj-inteligente-d20","title":{"rendered":"Reloj inteligente D20"},"content":{"rendered":"<p>CARACTERISTICAS:<\/p>\n<p>&#8211; APLICACI\u00d3N: FitPro<br \/>\n-SISTEMAS: Android\/Ios<br \/>\n&#8211; IDIOMAS: Ingl\u00e9s, italiano, portugu\u00e9s, espa\u00f1ol, etc.<br \/>\n&#8211; MODO DE FUNCIONAMIENTO: bot\u00f3n t\u00e1ctil<br \/>\n&#8211; TIPO PANTALLA: IPS 1,3 pulgadas<br \/>\n-ALMACENAMIENTO:16MB + 128KB<br \/>\n&#8211; FUNCIONES: deporte, Mensaje, despertador, ox\u00edgeno en sangre, fecha, medici\u00f3n de la frecuencia card\u00edaca, recordatorio de sedentarismo, gesti\u00f3n del sue\u00f1o, tiempo, notificaciones redes sociales, llamadas, etc<br \/>\n-RESISTENTE AL AGUA: S\u00ed (no para nadar)<br \/>\n-BATERIA: Capacidad de la bater\u00eda: 100 mAh Tiempo de uso: Alrededor de 1-2 d\u00edas Tiempo de carga: Alrededor de 2.5 horas Tipo de carga: Carga USB.<\/p>\n<p>GARANT\u00cdA: 6 meses<\/p>\n<p>COLORES: Negro, Blanco y Rosa<\/p>\n","protected":false},"excerpt":{"rendered":"<p>CARACTERISTICAS: &#8211; APLICACI\u00d3N: FitPro -SISTEMAS: Android\/Ios &#8211; IDIOMAS: Ingl\u00e9s, italiano, portugu\u00e9s, espa\u00f1ol, etc. &#8211; MODO DE FUNCIONAMIENTO: bot\u00f3n t\u00e1ctil &#8211; TIPO PANTALLA: IPS 1,3 pulgadas -ALMACENAMIENTO:16MB + 128KB &#8211; FUNCIONES: deporte, Mensaje, despertador, ox\u00edgeno en sangre, fecha, medici\u00f3n de la frecuencia card\u00edaca, recordatorio de sedentarismo, gesti\u00f3n del sue\u00f1o, tiempo, notificaciones redes sociales, llamadas, etc -RESISTENTE &#8230; <a title=\"Reloj inteligente D20\" class=\"read-more\" href=\"https:\/\/thebaaccesorios.net\/?product=reloj-inteligente-d20\" aria-label=\"M\u00e1s en Reloj inteligente D20\">Leer m\u00e1s<\/a><\/p>\n","protected":false},"featured_media":1084,"template":"","meta":[],"product_brand":[],"product_cat":[23],"product_tag":[],"class_list":{"0":"post-531","1":"product","2":"type-product","3":"status-publish","4":"has-post-thumbnail","6":"product_cat-relojes-digitales","7":"sales-flash-overlay","8":"woocommerce-text-align-center","9":"woocommerce-image-align-center","10":"do-quantity-buttons","12":"first","13":"instock","14":"purchasable","15":"product-type-simple"},"jetpack_sharing_enabled":true,"_links":{"self":[{"href":"https:\/\/thebaaccesorios.net\/index.php?rest_route=\/wp\/v2\/product\/531","targetHints":{"allow":["GET"]}}],"collection":[{"href":"https:\/\/thebaaccesorios.net\/index.php?rest_route=\/wp\/v2\/product"}],"about":[{"href":"https:\/\/thebaaccesorios.net\/index.php?rest_route=\/wp\/v2\/types\/product"}],"wp:featuredmedia":[{"embeddable":true,"href":"https:\/\/thebaaccesorios.net\/index.php?rest_route=\/wp\/v2\/media\/1084"}],"wp:attachment":[{"href":"https:\/\/thebaaccesorios.net\/index.php?rest_route=%2Fwp%2Fv2%2Fmedia&parent=531"}],"wp:term":[{"taxonomy":"product_brand","embeddable":true,"href":"https:\/\/thebaaccesorios.net\/index.php?rest_route=%2Fwp%2Fv2%2Fproduct_brand&post=531"},{"taxonomy":"product_cat","embeddable":true,"href":"https:\/\/thebaaccesorios.net\/index.php?rest_route=%2Fwp%2Fv2%2Fproduct_cat&post=531"},{"taxonomy":"product_tag","embeddable":true,"href":"https:\/\/thebaaccesorios.net\/index.php?rest_route=%2Fwp%2Fv2%2Fproduct_tag&post=531"}],"curies":[{"name":"wp","href":"https:\/\/api.w.org\/{rel}","templated":true}]}}