{"id":537,"date":"2023-11-06T12:33:16","date_gmt":"2023-11-06T12:33:16","guid":{"rendered":"https:\/\/thebaaccesorios.net\/?product=reloj-hombre-curren-8395-2"},"modified":"2024-03-07T03:31:06","modified_gmt":"2024-03-07T00:31:06","slug":"reloj-hombre-curren-8395-2","status":"publish","type":"product","link":"https:\/\/thebaaccesorios.net\/?product=reloj-hombre-curren-8395-2","title":{"rendered":"Reloj hombre Curren 8395"},"content":{"rendered":"<p>CARACTERISTICAS:<\/p>\n<p>-MARCA: Curren<br \/>\n-MODELO:8395<br \/>\n-TIPO: Moda, Lujo.<br \/>\n-TIPO DE MOVIMENTO: Seiko<br \/>\n-RESISTENCIA AL AGUA:\u00a0 3ATM (salpicaduras,llovizna,lavado manos)<br \/>\n-LONGITUD DE BANDA: 230 mm<br \/>\n-MATERIAL BANDA: acero inoxidable<br \/>\n-MATERIAL DEL CASO: Aleaci\u00f3n<br \/>\n-Fecha autom\u00e1tica, cron\u00f3grafo, luminoso<br \/>\n-DIAMETRO ESFERA: 49mm<br \/>\n-Incluye caja de presentaci\u00f3n<\/p>\n","protected":false},"excerpt":{"rendered":"<p>CARACTERISTICAS: -MARCA: Curren -MODELO:8395 -TIPO: Moda, Lujo. -TIPO DE MOVIMENTO: Seiko -RESISTENCIA AL AGUA:\u00a0 3ATM (salpicaduras,llovizna,lavado manos) -LONGITUD DE BANDA: 230 mm -MATERIAL BANDA: acero inoxidable -MATERIAL DEL CASO: Aleaci\u00f3n -Fecha autom\u00e1tica, cron\u00f3grafo, luminoso -DIAMETRO ESFERA: 49mm -Incluye caja de presentaci\u00f3n<\/p>\n","protected":false},"featured_media":372,"template":"","meta":[],"product_brand":[],"product_cat":[18],"product_tag":[],"class_list":{"0":"post-537","1":"product","2":"type-product","3":"status-publish","4":"has-post-thumbnail","6":"product_cat-relojes-de-hombre","7":"sales-flash-overlay","8":"woocommerce-text-align-center","9":"woocommerce-image-align-center","10":"do-quantity-buttons","12":"first","13":"instock","14":"purchasable","15":"product-type-simple"},"jetpack_sharing_enabled":true,"_links":{"self":[{"href":"https:\/\/thebaaccesorios.net\/index.php?rest_route=\/wp\/v2\/product\/537","targetHints":{"allow":["GET"]}}],"collection":[{"href":"https:\/\/thebaaccesorios.net\/index.php?rest_route=\/wp\/v2\/product"}],"about":[{"href":"https:\/\/thebaaccesorios.net\/index.php?rest_route=\/wp\/v2\/types\/product"}],"wp:featuredmedia":[{"embeddable":true,"href":"https:\/\/thebaaccesorios.net\/index.php?rest_route=\/wp\/v2\/media\/372"}],"wp:attachment":[{"href":"https:\/\/thebaaccesorios.net\/index.php?rest_route=%2Fwp%2Fv2%2Fmedia&parent=537"}],"wp:term":[{"taxonomy":"product_brand","embeddable":true,"href":"https:\/\/thebaaccesorios.net\/index.php?rest_route=%2Fwp%2Fv2%2Fproduct_brand&post=537"},{"taxonomy":"product_cat","embeddable":true,"href":"https:\/\/thebaaccesorios.net\/index.php?rest_route=%2Fwp%2Fv2%2Fproduct_cat&post=537"},{"taxonomy":"product_tag","embeddable":true,"href":"https:\/\/thebaaccesorios.net\/index.php?rest_route=%2Fwp%2Fv2%2Fproduct_tag&post=537"}],"curies":[{"name":"wp","href":"https:\/\/api.w.org\/{rel}","templated":true}]}}