{"id":543,"date":"2023-11-06T12:33:16","date_gmt":"2023-11-06T12:33:16","guid":{"rendered":"https:\/\/thebaaccesorios.net\/?product=reloj-hombre-curren-8395-4"},"modified":"2025-07-10T07:36:07","modified_gmt":"2025-07-10T04:36:07","slug":"reloj-hombre-curren-8395-4","status":"publish","type":"product","link":"https:\/\/thebaaccesorios.net\/?product=reloj-hombre-curren-8395-4","title":{"rendered":"Reloj hombre Curren 8395"},"content":{"rendered":"<p>CARACTERISTICAS:<br \/>\n-MARCA: Curren<br \/>\n-MODELO: 8395<br \/>\n-TIPO: Moda, Lujo.<br \/>\n-TIPO DE MOVIMENTO: Seiko<br \/>\n-LONGITUD DE BANDA: 230 mm<br \/>\n-RESISTENCIA AL AGUA: si 3TM<br \/>\n-MATERIAL BANDA: acero inoxidable<br \/>\n-MATERIAL DEL CASO: Aleaci\u00f3n-Fecha autom\u00e1tica, cron\u00f3grafo, luminoso<br \/>\n-DI\u00c1METRO ESFERA: 49 mm<br \/>\n-INCLUYE CAJA DE PRESENTACI\u00d3N<\/p>\n","protected":false},"excerpt":{"rendered":"<p>CARACTERISTICAS: -MARCA: Curren -MODELO: 8395 -TIPO: Moda, Lujo. -TIPO DE MOVIMENTO: Seiko -LONGITUD DE BANDA: 230 mm -RESISTENCIA AL AGUA: si 3TM -MATERIAL BANDA: acero inoxidable -MATERIAL DEL CASO: Aleaci\u00f3n-Fecha autom\u00e1tica, cron\u00f3grafo, luminoso -DI\u00c1METRO ESFERA: 49 mm -INCLUYE CAJA DE PRESENTACI\u00d3N<\/p>\n","protected":false},"featured_media":941,"template":"","meta":[],"product_brand":[],"product_cat":[18],"product_tag":[],"class_list":{"0":"post-543","1":"product","2":"type-product","3":"status-publish","4":"has-post-thumbnail","6":"product_cat-relojes-de-hombre","7":"sales-flash-overlay","8":"woocommerce-text-align-center","9":"woocommerce-image-align-center","10":"do-quantity-buttons","12":"first","13":"instock","14":"purchasable","15":"product-type-simple"},"jetpack_sharing_enabled":true,"_links":{"self":[{"href":"https:\/\/thebaaccesorios.net\/index.php?rest_route=\/wp\/v2\/product\/543","targetHints":{"allow":["GET"]}}],"collection":[{"href":"https:\/\/thebaaccesorios.net\/index.php?rest_route=\/wp\/v2\/product"}],"about":[{"href":"https:\/\/thebaaccesorios.net\/index.php?rest_route=\/wp\/v2\/types\/product"}],"wp:featuredmedia":[{"embeddable":true,"href":"https:\/\/thebaaccesorios.net\/index.php?rest_route=\/wp\/v2\/media\/941"}],"wp:attachment":[{"href":"https:\/\/thebaaccesorios.net\/index.php?rest_route=%2Fwp%2Fv2%2Fmedia&parent=543"}],"wp:term":[{"taxonomy":"product_brand","embeddable":true,"href":"https:\/\/thebaaccesorios.net\/index.php?rest_route=%2Fwp%2Fv2%2Fproduct_brand&post=543"},{"taxonomy":"product_cat","embeddable":true,"href":"https:\/\/thebaaccesorios.net\/index.php?rest_route=%2Fwp%2Fv2%2Fproduct_cat&post=543"},{"taxonomy":"product_tag","embeddable":true,"href":"https:\/\/thebaaccesorios.net\/index.php?rest_route=%2Fwp%2Fv2%2Fproduct_tag&post=543"}],"curies":[{"name":"wp","href":"https:\/\/api.w.org\/{rel}","templated":true}]}}